{"id":102329,"date":"2024-01-08T16:49:38","date_gmt":"2024-01-08T15:49:38","guid":{"rendered":"https:\/\/www.mohd.it\/interior-design-service\/"},"modified":"2026-02-10T18:06:38","modified_gmt":"2026-02-10T17:06:38","slug":"interior-design-service","status":"publish","type":"page","link":"https:\/\/www.mohd.it\/es\/interior-design-service\/","title":{"rendered":"Interior Design Service"},"content":{"rendered":"","protected":false},"excerpt":{"rendered":"","protected":false},"author":1,"featured_media":0,"parent":0,"menu_order":0,"comment_status":"closed","ping_status":"closed","template":"templates\/ids-new.php","meta":{"footnotes":""},"class_list":["post-102329","page","type-page","status-publish","hentry"],"yoast_head":"<!-- This site is optimized with the Yoast SEO plugin v24.0 - https:\/\/yoast.com\/wordpress\/plugins\/seo\/ -->\n<title>Interior Design Service - Mohd<\/title>\n<meta name=\"description\" content=\"Gracias al servicio de asesoramiento y planificaci\u00f3n de interiores decoramos casas, oficinas y entornos contract, personaliz\u00e1ndolos con estilo y dise\u00f1o.\" \/>\n<meta name=\"robots\" content=\"index, follow, max-snippet:-1, max-image-preview:large, max-video-preview:-1\" \/>\n<link rel=\"canonical\" href=\"https:\/\/www.mohd.it\/es\/interior-design-service\/\" \/>\n<meta property=\"og:locale\" content=\"es_ES\" \/>\n<meta property=\"og:type\" content=\"article\" \/>\n<meta property=\"og:title\" content=\"Interior Design Service - Mohd\" \/>\n<meta property=\"og:description\" content=\"Gracias al servicio de asesoramiento y planificaci\u00f3n de interiores decoramos casas, oficinas y entornos contract, personaliz\u00e1ndolos con estilo y dise\u00f1o.\" \/>\n<meta property=\"og:url\" content=\"https:\/\/www.mohd.it\/es\/interior-design-service\/\" \/>\n<meta property=\"og:site_name\" content=\"Mohd\" \/>\n<meta property=\"article:publisher\" content=\"https:\/\/www.facebook.com\/mollurahomedesign\" \/>\n<meta property=\"article:modified_time\" content=\"2026-02-10T17:06:38+00:00\" \/>\n<meta name=\"twitter:card\" content=\"summary_large_image\" \/>\n<meta name=\"twitter:site\" content=\"@mohd_homedesign\" \/>\n<script type=\"application\/ld+json\" class=\"yoast-schema-graph\">{\"@context\":\"https:\/\/schema.org\",\"@graph\":[{\"@type\":\"WebPage\",\"@id\":\"https:\/\/www.mohd.it\/es\/interior-design-service\/\",\"url\":\"https:\/\/www.mohd.it\/es\/interior-design-service\/\",\"name\":\"Interior Design Service - Mohd\",\"isPartOf\":{\"@id\":\"https:\/\/www.mohd.it\/es\/#website\"},\"datePublished\":\"2024-01-08T15:49:38+00:00\",\"dateModified\":\"2026-02-10T17:06:38+00:00\",\"description\":\"Gracias al servicio de asesoramiento y planificaci\u00f3n de interiores decoramos casas, oficinas y entornos contract, personaliz\u00e1ndolos con estilo y dise\u00f1o.\",\"breadcrumb\":{\"@id\":\"https:\/\/www.mohd.it\/es\/interior-design-service\/#breadcrumb\"},\"inLanguage\":\"es\",\"potentialAction\":[{\"@type\":\"ReadAction\",\"target\":[\"https:\/\/www.mohd.it\/es\/interior-design-service\/\"]}]},{\"@type\":\"BreadcrumbList\",\"@id\":\"https:\/\/www.mohd.it\/es\/interior-design-service\/#breadcrumb\",\"itemListElement\":[{\"@type\":\"ListItem\",\"position\":1,\"name\":\"Home\",\"item\":\"https:\/\/www.mohd.it\/es\/\"},{\"@type\":\"ListItem\",\"position\":2,\"name\":\"Interior Design Service\"}]},{\"@type\":\"WebSite\",\"@id\":\"https:\/\/www.mohd.it\/es\/#website\",\"url\":\"https:\/\/www.mohd.it\/es\/\",\"name\":\"Mohd\",\"description\":\"\",\"publisher\":{\"@id\":\"https:\/\/www.mohd.it\/es\/#organization\"},\"potentialAction\":[{\"@type\":\"SearchAction\",\"target\":{\"@type\":\"EntryPoint\",\"urlTemplate\":\"https:\/\/www.mohd.it\/es\/?s={search_term_string}\"},\"query-input\":{\"@type\":\"PropertyValueSpecification\",\"valueRequired\":true,\"valueName\":\"search_term_string\"}}],\"inLanguage\":\"es\"},{\"@type\":\"Organization\",\"@id\":\"https:\/\/www.mohd.it\/es\/#organization\",\"name\":\"Mollura & C. SPA\",\"url\":\"https:\/\/www.mohd.it\/es\/\",\"logo\":{\"@type\":\"ImageObject\",\"inLanguage\":\"es\",\"@id\":\"https:\/\/www.mohd.it\/es\/#\/schema\/logo\/image\/\",\"url\":\"https:\/\/www.mohd.it\/wp-content\/uploads\/2020\/09\/mohd-logo.png\",\"contentUrl\":\"https:\/\/www.mohd.it\/wp-content\/uploads\/2020\/09\/mohd-logo.png\",\"width\":600,\"height\":600,\"caption\":\"Mollura & C. SPA\"},\"image\":{\"@id\":\"https:\/\/www.mohd.it\/es\/#\/schema\/logo\/image\/\"},\"sameAs\":[\"https:\/\/www.facebook.com\/mollurahomedesign\",\"https:\/\/x.com\/mohd_homedesign\",\"https:\/\/www.instagram.com\/mohd_homedesign\/\",\"https:\/\/it.linkedin.com\/company\/mohd-mollura-home-design\",\"https:\/\/www.pinterest.it\/mohdhomedesign\/\",\"https:\/\/www.youtube.com\/channel\/UCYLuPff6hq4z_o0GO0w1yaA\"]}]}<\/script>\n<!-- \/ Yoast SEO plugin. -->","yoast_head_json":{"title":"Interior Design Service - Mohd","description":"Gracias al servicio de asesoramiento y planificaci\u00f3n de interiores decoramos casas, oficinas y entornos contract, personaliz\u00e1ndolos con estilo y dise\u00f1o.","robots":{"index":"index","follow":"follow","max-snippet":"max-snippet:-1","max-image-preview":"max-image-preview:large","max-video-preview":"max-video-preview:-1"},"canonical":"https:\/\/www.mohd.it\/es\/interior-design-service\/","og_locale":"es_ES","og_type":"article","og_title":"Interior Design Service - Mohd","og_description":"Gracias al servicio de asesoramiento y planificaci\u00f3n de interiores decoramos casas, oficinas y entornos contract, personaliz\u00e1ndolos con estilo y dise\u00f1o.","og_url":"https:\/\/www.mohd.it\/es\/interior-design-service\/","og_site_name":"Mohd","article_publisher":"https:\/\/www.facebook.com\/mollurahomedesign","article_modified_time":"2026-02-10T17:06:38+00:00","twitter_card":"summary_large_image","twitter_site":"@mohd_homedesign","schema":{"@context":"https:\/\/schema.org","@graph":[{"@type":"WebPage","@id":"https:\/\/www.mohd.it\/es\/interior-design-service\/","url":"https:\/\/www.mohd.it\/es\/interior-design-service\/","name":"Interior Design Service - Mohd","isPartOf":{"@id":"https:\/\/www.mohd.it\/es\/#website"},"datePublished":"2024-01-08T15:49:38+00:00","dateModified":"2026-02-10T17:06:38+00:00","description":"Gracias al servicio de asesoramiento y planificaci\u00f3n de interiores decoramos casas, oficinas y entornos contract, personaliz\u00e1ndolos con estilo y dise\u00f1o.","breadcrumb":{"@id":"https:\/\/www.mohd.it\/es\/interior-design-service\/#breadcrumb"},"inLanguage":"es","potentialAction":[{"@type":"ReadAction","target":["https:\/\/www.mohd.it\/es\/interior-design-service\/"]}]},{"@type":"BreadcrumbList","@id":"https:\/\/www.mohd.it\/es\/interior-design-service\/#breadcrumb","itemListElement":[{"@type":"ListItem","position":1,"name":"Home","item":"https:\/\/www.mohd.it\/es\/"},{"@type":"ListItem","position":2,"name":"Interior Design Service"}]},{"@type":"WebSite","@id":"https:\/\/www.mohd.it\/es\/#website","url":"https:\/\/www.mohd.it\/es\/","name":"Mohd","description":"","publisher":{"@id":"https:\/\/www.mohd.it\/es\/#organization"},"potentialAction":[{"@type":"SearchAction","target":{"@type":"EntryPoint","urlTemplate":"https:\/\/www.mohd.it\/es\/?s={search_term_string}"},"query-input":{"@type":"PropertyValueSpecification","valueRequired":true,"valueName":"search_term_string"}}],"inLanguage":"es"},{"@type":"Organization","@id":"https:\/\/www.mohd.it\/es\/#organization","name":"Mollura & C. SPA","url":"https:\/\/www.mohd.it\/es\/","logo":{"@type":"ImageObject","inLanguage":"es","@id":"https:\/\/www.mohd.it\/es\/#\/schema\/logo\/image\/","url":"https:\/\/www.mohd.it\/wp-content\/uploads\/2020\/09\/mohd-logo.png","contentUrl":"https:\/\/www.mohd.it\/wp-content\/uploads\/2020\/09\/mohd-logo.png","width":600,"height":600,"caption":"Mollura & C. SPA"},"image":{"@id":"https:\/\/www.mohd.it\/es\/#\/schema\/logo\/image\/"},"sameAs":["https:\/\/www.facebook.com\/mollurahomedesign","https:\/\/x.com\/mohd_homedesign","https:\/\/www.instagram.com\/mohd_homedesign\/","https:\/\/it.linkedin.com\/company\/mohd-mollura-home-design","https:\/\/www.pinterest.it\/mohdhomedesign\/","https:\/\/www.youtube.com\/channel\/UCYLuPff6hq4z_o0GO0w1yaA"]}]}},"_links":{"self":[{"href":"https:\/\/www.mohd.it\/es\/wp-json\/wp\/v2\/pages\/102329","targetHints":{"allow":["GET"]}}],"collection":[{"href":"https:\/\/www.mohd.it\/es\/wp-json\/wp\/v2\/pages"}],"about":[{"href":"https:\/\/www.mohd.it\/es\/wp-json\/wp\/v2\/types\/page"}],"author":[{"embeddable":true,"href":"https:\/\/www.mohd.it\/es\/wp-json\/wp\/v2\/users\/1"}],"replies":[{"embeddable":true,"href":"https:\/\/www.mohd.it\/es\/wp-json\/wp\/v2\/comments?post=102329"}],"version-history":[{"count":9,"href":"https:\/\/www.mohd.it\/es\/wp-json\/wp\/v2\/pages\/102329\/revisions"}],"predecessor-version":[{"id":102649,"href":"https:\/\/www.mohd.it\/es\/wp-json\/wp\/v2\/pages\/102329\/revisions\/102649"}],"wp:attachment":[{"href":"https:\/\/www.mohd.it\/es\/wp-json\/wp\/v2\/media?parent=102329"}],"curies":[{"name":"wp","href":"https:\/\/api.w.org\/{rel}","templated":true}]}}