{"id":6074,"date":"2021-02-02T10:40:35","date_gmt":"2021-02-02T09:40:35","guid":{"rendered":"https:\/\/www.mohd.it\/?page_id=6074"},"modified":"2025-10-21T10:51:59","modified_gmt":"2025-10-21T08:51:59","slug":"homepage-2","status":"publish","type":"page","link":"https:\/\/www.mohd.it\/es\/","title":{"rendered":"Homepage"},"content":{"rendered":"","protected":false},"excerpt":{"rendered":"","protected":false},"author":1,"featured_media":0,"parent":0,"menu_order":0,"comment_status":"closed","ping_status":"closed","template":"templates\/home.php","meta":{"footnotes":""},"class_list":["post-6074","page","type-page","status-publish","hentry"],"yoast_head":"<!-- This site is optimized with the Yoast SEO plugin v24.0 - https:\/\/yoast.com\/wordpress\/plugins\/seo\/ -->\n<title>Mohd \u2013 Mollura Home Design<\/title>\n<meta name=\"description\" content=\"Mohd es una fuente de inspiraci\u00f3n para el mobiliario y la iluminaci\u00f3n de dise\u00f1o desde 1968, gracias a la mayor selecci\u00f3n de las mejores marcas internacionales.\" \/>\n<meta name=\"robots\" content=\"index, follow, max-snippet:-1, max-image-preview:large, max-video-preview:-1\" \/>\n<link rel=\"canonical\" href=\"https:\/\/www.mohd.it\/es\/\" \/>\n<meta property=\"og:locale\" content=\"es_ES\" \/>\n<meta property=\"og:type\" content=\"article\" \/>\n<meta property=\"og:title\" content=\"Mohd \u2013 Mollura Home Design\" \/>\n<meta property=\"og:description\" content=\"Mohd es una fuente de inspiraci\u00f3n para el mobiliario y la iluminaci\u00f3n de dise\u00f1o desde 1968, gracias a la mayor selecci\u00f3n de las mejores marcas internacionales.\" \/>\n<meta property=\"og:url\" content=\"https:\/\/www.mohd.it\/es\/\" \/>\n<meta property=\"og:site_name\" content=\"Mohd\" \/>\n<meta property=\"article:publisher\" content=\"https:\/\/www.facebook.com\/mollurahomedesign\" \/>\n<meta property=\"article:modified_time\" content=\"2025-10-21T08:51:59+00:00\" \/>\n<meta name=\"twitter:card\" content=\"summary_large_image\" \/>\n<meta name=\"twitter:site\" content=\"@mohd_homedesign\" \/>\n<script type=\"application\/ld+json\" class=\"yoast-schema-graph\">{\"@context\":\"https:\/\/schema.org\",\"@graph\":[{\"@type\":\"WebPage\",\"@id\":\"https:\/\/www.mohd.it\/es\/\",\"url\":\"https:\/\/www.mohd.it\/es\/\",\"name\":\"Mohd \u2013 Mollura Home Design\",\"isPartOf\":{\"@id\":\"https:\/\/www.mohd.it\/es\/#website\"},\"datePublished\":\"2021-02-02T09:40:35+00:00\",\"dateModified\":\"2025-10-21T08:51:59+00:00\",\"description\":\"Mohd es una fuente de inspiraci\u00f3n para el mobiliario y la iluminaci\u00f3n de dise\u00f1o desde 1968, gracias a la mayor selecci\u00f3n de las mejores marcas internacionales.\",\"breadcrumb\":{\"@id\":\"https:\/\/www.mohd.it\/es\/#breadcrumb\"},\"inLanguage\":\"es\",\"potentialAction\":[{\"@type\":\"ReadAction\",\"target\":[\"https:\/\/www.mohd.it\/es\/\"]}]},{\"@type\":\"BreadcrumbList\",\"@id\":\"https:\/\/www.mohd.it\/es\/#breadcrumb\",\"itemListElement\":[{\"@type\":\"ListItem\",\"position\":1,\"name\":\"Home\",\"item\":\"https:\/\/www.mohd.it\/es\/\"},{\"@type\":\"ListItem\",\"position\":2,\"name\":\"Homepage\"}]},{\"@type\":\"WebSite\",\"@id\":\"https:\/\/www.mohd.it\/es\/#website\",\"url\":\"https:\/\/www.mohd.it\/es\/\",\"name\":\"Mohd\",\"description\":\"\",\"publisher\":{\"@id\":\"https:\/\/www.mohd.it\/es\/#organization\"},\"potentialAction\":[{\"@type\":\"SearchAction\",\"target\":{\"@type\":\"EntryPoint\",\"urlTemplate\":\"https:\/\/www.mohd.it\/es\/?s={search_term_string}\"},\"query-input\":{\"@type\":\"PropertyValueSpecification\",\"valueRequired\":true,\"valueName\":\"search_term_string\"}}],\"inLanguage\":\"es\"},{\"@type\":\"Organization\",\"@id\":\"https:\/\/www.mohd.it\/es\/#organization\",\"name\":\"Mollura & C. SPA\",\"url\":\"https:\/\/www.mohd.it\/es\/\",\"logo\":{\"@type\":\"ImageObject\",\"inLanguage\":\"es\",\"@id\":\"https:\/\/www.mohd.it\/es\/#\/schema\/logo\/image\/\",\"url\":\"https:\/\/www.mohd.it\/wp-content\/uploads\/2020\/09\/mohd-logo.png\",\"contentUrl\":\"https:\/\/www.mohd.it\/wp-content\/uploads\/2020\/09\/mohd-logo.png\",\"width\":600,\"height\":600,\"caption\":\"Mollura & C. SPA\"},\"image\":{\"@id\":\"https:\/\/www.mohd.it\/es\/#\/schema\/logo\/image\/\"},\"sameAs\":[\"https:\/\/www.facebook.com\/mollurahomedesign\",\"https:\/\/x.com\/mohd_homedesign\",\"https:\/\/www.instagram.com\/mohd_homedesign\/\",\"https:\/\/it.linkedin.com\/company\/mohd-mollura-home-design\",\"https:\/\/www.pinterest.it\/mohdhomedesign\/\",\"https:\/\/www.youtube.com\/channel\/UCYLuPff6hq4z_o0GO0w1yaA\"]}]}<\/script>\n<!-- \/ Yoast SEO plugin. -->","yoast_head_json":{"title":"Mohd \u2013 Mollura Home Design","description":"Mohd es una fuente de inspiraci\u00f3n para el mobiliario y la iluminaci\u00f3n de dise\u00f1o desde 1968, gracias a la mayor selecci\u00f3n de las mejores marcas internacionales.","robots":{"index":"index","follow":"follow","max-snippet":"max-snippet:-1","max-image-preview":"max-image-preview:large","max-video-preview":"max-video-preview:-1"},"canonical":"https:\/\/www.mohd.it\/es\/","og_locale":"es_ES","og_type":"article","og_title":"Mohd \u2013 Mollura Home Design","og_description":"Mohd es una fuente de inspiraci\u00f3n para el mobiliario y la iluminaci\u00f3n de dise\u00f1o desde 1968, gracias a la mayor selecci\u00f3n de las mejores marcas internacionales.","og_url":"https:\/\/www.mohd.it\/es\/","og_site_name":"Mohd","article_publisher":"https:\/\/www.facebook.com\/mollurahomedesign","article_modified_time":"2025-10-21T08:51:59+00:00","twitter_card":"summary_large_image","twitter_site":"@mohd_homedesign","schema":{"@context":"https:\/\/schema.org","@graph":[{"@type":"WebPage","@id":"https:\/\/www.mohd.it\/es\/","url":"https:\/\/www.mohd.it\/es\/","name":"Mohd \u2013 Mollura Home Design","isPartOf":{"@id":"https:\/\/www.mohd.it\/es\/#website"},"datePublished":"2021-02-02T09:40:35+00:00","dateModified":"2025-10-21T08:51:59+00:00","description":"Mohd es una fuente de inspiraci\u00f3n para el mobiliario y la iluminaci\u00f3n de dise\u00f1o desde 1968, gracias a la mayor selecci\u00f3n de las mejores marcas internacionales.","breadcrumb":{"@id":"https:\/\/www.mohd.it\/es\/#breadcrumb"},"inLanguage":"es","potentialAction":[{"@type":"ReadAction","target":["https:\/\/www.mohd.it\/es\/"]}]},{"@type":"BreadcrumbList","@id":"https:\/\/www.mohd.it\/es\/#breadcrumb","itemListElement":[{"@type":"ListItem","position":1,"name":"Home","item":"https:\/\/www.mohd.it\/es\/"},{"@type":"ListItem","position":2,"name":"Homepage"}]},{"@type":"WebSite","@id":"https:\/\/www.mohd.it\/es\/#website","url":"https:\/\/www.mohd.it\/es\/","name":"Mohd","description":"","publisher":{"@id":"https:\/\/www.mohd.it\/es\/#organization"},"potentialAction":[{"@type":"SearchAction","target":{"@type":"EntryPoint","urlTemplate":"https:\/\/www.mohd.it\/es\/?s={search_term_string}"},"query-input":{"@type":"PropertyValueSpecification","valueRequired":true,"valueName":"search_term_string"}}],"inLanguage":"es"},{"@type":"Organization","@id":"https:\/\/www.mohd.it\/es\/#organization","name":"Mollura & C. SPA","url":"https:\/\/www.mohd.it\/es\/","logo":{"@type":"ImageObject","inLanguage":"es","@id":"https:\/\/www.mohd.it\/es\/#\/schema\/logo\/image\/","url":"https:\/\/www.mohd.it\/wp-content\/uploads\/2020\/09\/mohd-logo.png","contentUrl":"https:\/\/www.mohd.it\/wp-content\/uploads\/2020\/09\/mohd-logo.png","width":600,"height":600,"caption":"Mollura & C. SPA"},"image":{"@id":"https:\/\/www.mohd.it\/es\/#\/schema\/logo\/image\/"},"sameAs":["https:\/\/www.facebook.com\/mollurahomedesign","https:\/\/x.com\/mohd_homedesign","https:\/\/www.instagram.com\/mohd_homedesign\/","https:\/\/it.linkedin.com\/company\/mohd-mollura-home-design","https:\/\/www.pinterest.it\/mohdhomedesign\/","https:\/\/www.youtube.com\/channel\/UCYLuPff6hq4z_o0GO0w1yaA"]}]}},"_links":{"self":[{"href":"https:\/\/www.mohd.it\/es\/wp-json\/wp\/v2\/pages\/6074","targetHints":{"allow":["GET"]}}],"collection":[{"href":"https:\/\/www.mohd.it\/es\/wp-json\/wp\/v2\/pages"}],"about":[{"href":"https:\/\/www.mohd.it\/es\/wp-json\/wp\/v2\/types\/page"}],"author":[{"embeddable":true,"href":"https:\/\/www.mohd.it\/es\/wp-json\/wp\/v2\/users\/1"}],"replies":[{"embeddable":true,"href":"https:\/\/www.mohd.it\/es\/wp-json\/wp\/v2\/comments?post=6074"}],"version-history":[{"count":18,"href":"https:\/\/www.mohd.it\/es\/wp-json\/wp\/v2\/pages\/6074\/revisions"}],"predecessor-version":[{"id":106185,"href":"https:\/\/www.mohd.it\/es\/wp-json\/wp\/v2\/pages\/6074\/revisions\/106185"}],"wp:attachment":[{"href":"https:\/\/www.mohd.it\/es\/wp-json\/wp\/v2\/media?parent=6074"}],"curies":[{"name":"wp","href":"https:\/\/api.w.org\/{rel}","templated":true}]}}