{"id":103689,"date":"2025-03-11T17:13:09","date_gmt":"2025-03-11T16:13:09","guid":{"rendered":"https:\/\/www.mohd.it\/salone-del-mobile-2025\/"},"modified":"2025-03-17T17:52:13","modified_gmt":"2025-03-17T16:52:13","slug":"salone-del-mobile-2025","status":"publish","type":"page","link":"https:\/\/www.mohd.it\/fr\/salone-del-mobile-2025\/","title":{"rendered":"Salone del mobile 2025"},"content":{"rendered":"","protected":false},"excerpt":{"rendered":"","protected":false},"author":19,"featured_media":0,"parent":0,"menu_order":0,"comment_status":"closed","ping_status":"closed","template":"templates\/salone-2025.php","meta":{"footnotes":""},"class_list":["post-103689","page","type-page","status-publish","hentry"],"yoast_head":"<!-- This site is optimized with the Yoast SEO plugin v24.0 - https:\/\/yoast.com\/wordpress\/plugins\/seo\/ -->\n<title>The Mohdernist : \u00c9v\u00e9nement Mohd Milano - Mohd<\/title>\n<meta name=\"description\" content=\"Officina Milano accueille The Mohdernist, la nouvelle exp\u00e9rience envo\u00fbtante de Mohd pour le Salone del Mobile 2025.\" \/>\n<meta name=\"robots\" content=\"index, follow, max-snippet:-1, max-image-preview:large, max-video-preview:-1\" \/>\n<link rel=\"canonical\" href=\"https:\/\/www.mohd.it\/fr\/salone-del-mobile-2025\/\" \/>\n<meta property=\"og:locale\" content=\"fr_FR\" \/>\n<meta property=\"og:type\" content=\"article\" \/>\n<meta property=\"og:title\" content=\"The Mohdernist : \u00c9v\u00e9nement Mohd Milano - Mohd\" \/>\n<meta property=\"og:description\" content=\"Officina Milano accueille The Mohdernist, la nouvelle exp\u00e9rience envo\u00fbtante de Mohd pour le Salone del Mobile 2025.\" \/>\n<meta property=\"og:url\" content=\"https:\/\/www.mohd.it\/fr\/salone-del-mobile-2025\/\" \/>\n<meta property=\"og:site_name\" content=\"Mohd\" \/>\n<meta property=\"article:publisher\" content=\"https:\/\/www.facebook.com\/mollurahomedesign\" \/>\n<meta property=\"article:modified_time\" content=\"2025-03-17T16:52:13+00:00\" \/>\n<meta name=\"twitter:card\" content=\"summary_large_image\" \/>\n<meta name=\"twitter:site\" content=\"@mohd_homedesign\" \/>\n<script type=\"application\/ld+json\" class=\"yoast-schema-graph\">{\"@context\":\"https:\/\/schema.org\",\"@graph\":[{\"@type\":\"WebPage\",\"@id\":\"https:\/\/www.mohd.it\/fr\/salone-del-mobile-2025\/\",\"url\":\"https:\/\/www.mohd.it\/fr\/salone-del-mobile-2025\/\",\"name\":\"The Mohdernist : \u00c9v\u00e9nement Mohd Milano - Mohd\",\"isPartOf\":{\"@id\":\"https:\/\/www.mohd.it\/fr\/#website\"},\"datePublished\":\"2025-03-11T16:13:09+00:00\",\"dateModified\":\"2025-03-17T16:52:13+00:00\",\"description\":\"Officina Milano accueille The Mohdernist, la nouvelle exp\u00e9rience envo\u00fbtante de Mohd pour le Salone del Mobile 2025.\",\"breadcrumb\":{\"@id\":\"https:\/\/www.mohd.it\/fr\/salone-del-mobile-2025\/#breadcrumb\"},\"inLanguage\":\"fr-FR\",\"potentialAction\":[{\"@type\":\"ReadAction\",\"target\":[\"https:\/\/www.mohd.it\/fr\/salone-del-mobile-2025\/\"]}]},{\"@type\":\"BreadcrumbList\",\"@id\":\"https:\/\/www.mohd.it\/fr\/salone-del-mobile-2025\/#breadcrumb\",\"itemListElement\":[{\"@type\":\"ListItem\",\"position\":1,\"name\":\"Home\",\"item\":\"https:\/\/www.mohd.it\/fr\/\"},{\"@type\":\"ListItem\",\"position\":2,\"name\":\"Salone del mobile 2025\"}]},{\"@type\":\"WebSite\",\"@id\":\"https:\/\/www.mohd.it\/fr\/#website\",\"url\":\"https:\/\/www.mohd.it\/fr\/\",\"name\":\"Mohd\",\"description\":\"\",\"publisher\":{\"@id\":\"https:\/\/www.mohd.it\/fr\/#organization\"},\"potentialAction\":[{\"@type\":\"SearchAction\",\"target\":{\"@type\":\"EntryPoint\",\"urlTemplate\":\"https:\/\/www.mohd.it\/fr\/?s={search_term_string}\"},\"query-input\":{\"@type\":\"PropertyValueSpecification\",\"valueRequired\":true,\"valueName\":\"search_term_string\"}}],\"inLanguage\":\"fr-FR\"},{\"@type\":\"Organization\",\"@id\":\"https:\/\/www.mohd.it\/fr\/#organization\",\"name\":\"Mollura & C. SPA\",\"url\":\"https:\/\/www.mohd.it\/fr\/\",\"logo\":{\"@type\":\"ImageObject\",\"inLanguage\":\"fr-FR\",\"@id\":\"https:\/\/www.mohd.it\/fr\/#\/schema\/logo\/image\/\",\"url\":\"https:\/\/www.mohd.it\/wp-content\/uploads\/2020\/09\/mohd-logo.png\",\"contentUrl\":\"https:\/\/www.mohd.it\/wp-content\/uploads\/2020\/09\/mohd-logo.png\",\"width\":600,\"height\":600,\"caption\":\"Mollura & C. SPA\"},\"image\":{\"@id\":\"https:\/\/www.mohd.it\/fr\/#\/schema\/logo\/image\/\"},\"sameAs\":[\"https:\/\/www.facebook.com\/mollurahomedesign\",\"https:\/\/x.com\/mohd_homedesign\",\"https:\/\/www.instagram.com\/mohd_homedesign\/\",\"https:\/\/it.linkedin.com\/company\/mohd-mollura-home-design\",\"https:\/\/www.pinterest.it\/mohdhomedesign\/\",\"https:\/\/www.youtube.com\/channel\/UCYLuPff6hq4z_o0GO0w1yaA\"]}]}<\/script>\n<!-- \/ Yoast SEO plugin. -->","yoast_head_json":{"title":"The Mohdernist : \u00c9v\u00e9nement Mohd Milano - Mohd","description":"Officina Milano accueille The Mohdernist, la nouvelle exp\u00e9rience envo\u00fbtante de Mohd pour le Salone del Mobile 2025.","robots":{"index":"index","follow":"follow","max-snippet":"max-snippet:-1","max-image-preview":"max-image-preview:large","max-video-preview":"max-video-preview:-1"},"canonical":"https:\/\/www.mohd.it\/fr\/salone-del-mobile-2025\/","og_locale":"fr_FR","og_type":"article","og_title":"The Mohdernist : \u00c9v\u00e9nement Mohd Milano - Mohd","og_description":"Officina Milano accueille The Mohdernist, la nouvelle exp\u00e9rience envo\u00fbtante de Mohd pour le Salone del Mobile 2025.","og_url":"https:\/\/www.mohd.it\/fr\/salone-del-mobile-2025\/","og_site_name":"Mohd","article_publisher":"https:\/\/www.facebook.com\/mollurahomedesign","article_modified_time":"2025-03-17T16:52:13+00:00","twitter_card":"summary_large_image","twitter_site":"@mohd_homedesign","schema":{"@context":"https:\/\/schema.org","@graph":[{"@type":"WebPage","@id":"https:\/\/www.mohd.it\/fr\/salone-del-mobile-2025\/","url":"https:\/\/www.mohd.it\/fr\/salone-del-mobile-2025\/","name":"The Mohdernist : \u00c9v\u00e9nement Mohd Milano - Mohd","isPartOf":{"@id":"https:\/\/www.mohd.it\/fr\/#website"},"datePublished":"2025-03-11T16:13:09+00:00","dateModified":"2025-03-17T16:52:13+00:00","description":"Officina Milano accueille The Mohdernist, la nouvelle exp\u00e9rience envo\u00fbtante de Mohd pour le Salone del Mobile 2025.","breadcrumb":{"@id":"https:\/\/www.mohd.it\/fr\/salone-del-mobile-2025\/#breadcrumb"},"inLanguage":"fr-FR","potentialAction":[{"@type":"ReadAction","target":["https:\/\/www.mohd.it\/fr\/salone-del-mobile-2025\/"]}]},{"@type":"BreadcrumbList","@id":"https:\/\/www.mohd.it\/fr\/salone-del-mobile-2025\/#breadcrumb","itemListElement":[{"@type":"ListItem","position":1,"name":"Home","item":"https:\/\/www.mohd.it\/fr\/"},{"@type":"ListItem","position":2,"name":"Salone del mobile 2025"}]},{"@type":"WebSite","@id":"https:\/\/www.mohd.it\/fr\/#website","url":"https:\/\/www.mohd.it\/fr\/","name":"Mohd","description":"","publisher":{"@id":"https:\/\/www.mohd.it\/fr\/#organization"},"potentialAction":[{"@type":"SearchAction","target":{"@type":"EntryPoint","urlTemplate":"https:\/\/www.mohd.it\/fr\/?s={search_term_string}"},"query-input":{"@type":"PropertyValueSpecification","valueRequired":true,"valueName":"search_term_string"}}],"inLanguage":"fr-FR"},{"@type":"Organization","@id":"https:\/\/www.mohd.it\/fr\/#organization","name":"Mollura & C. SPA","url":"https:\/\/www.mohd.it\/fr\/","logo":{"@type":"ImageObject","inLanguage":"fr-FR","@id":"https:\/\/www.mohd.it\/fr\/#\/schema\/logo\/image\/","url":"https:\/\/www.mohd.it\/wp-content\/uploads\/2020\/09\/mohd-logo.png","contentUrl":"https:\/\/www.mohd.it\/wp-content\/uploads\/2020\/09\/mohd-logo.png","width":600,"height":600,"caption":"Mollura & C. SPA"},"image":{"@id":"https:\/\/www.mohd.it\/fr\/#\/schema\/logo\/image\/"},"sameAs":["https:\/\/www.facebook.com\/mollurahomedesign","https:\/\/x.com\/mohd_homedesign","https:\/\/www.instagram.com\/mohd_homedesign\/","https:\/\/it.linkedin.com\/company\/mohd-mollura-home-design","https:\/\/www.pinterest.it\/mohdhomedesign\/","https:\/\/www.youtube.com\/channel\/UCYLuPff6hq4z_o0GO0w1yaA"]}]}},"_links":{"self":[{"href":"https:\/\/www.mohd.it\/fr\/wp-json\/wp\/v2\/pages\/103689","targetHints":{"allow":["GET"]}}],"collection":[{"href":"https:\/\/www.mohd.it\/fr\/wp-json\/wp\/v2\/pages"}],"about":[{"href":"https:\/\/www.mohd.it\/fr\/wp-json\/wp\/v2\/types\/page"}],"author":[{"embeddable":true,"href":"https:\/\/www.mohd.it\/fr\/wp-json\/wp\/v2\/users\/19"}],"replies":[{"embeddable":true,"href":"https:\/\/www.mohd.it\/fr\/wp-json\/wp\/v2\/comments?post=103689"}],"version-history":[{"count":1,"href":"https:\/\/www.mohd.it\/fr\/wp-json\/wp\/v2\/pages\/103689\/revisions"}],"predecessor-version":[{"id":103719,"href":"https:\/\/www.mohd.it\/fr\/wp-json\/wp\/v2\/pages\/103689\/revisions\/103719"}],"wp:attachment":[{"href":"https:\/\/www.mohd.it\/fr\/wp-json\/wp\/v2\/media?parent=103689"}],"curies":[{"name":"wp","href":"https:\/\/api.w.org\/{rel}","templated":true}]}}