{"id":1115,"date":"2020-09-01T15:36:14","date_gmt":"2020-09-01T13:36:14","guid":{"rendered":"https:\/\/www.mohd.it\/?page_id=1115"},"modified":"2020-09-02T18:27:59","modified_gmt":"2020-09-02T16:27:59","slug":"introducing-overgaard-dyrman","status":"publish","type":"page","link":"https:\/\/www.mohd.it\/it\/introducing-overgaard-dyrman\/","title":{"rendered":"Introducing Overgaard &#038; Dyrman"},"content":{"rendered":"<div class=\"main-section color-almond-milk section-half-image\">\n  <div class=\"container\">\n    <div class=\"wrap\">\n      <div class=\"heading\">\n                  <p class=\"caption\">Icon&#8217;s Story<\/p>\n                <h1 class=\"main-title section-title big\">Introducing Overgaard &#038; Dyrman<\/h1>\n      <\/div>\n      <div class=\"image\">\n        <span class=\"spacer\">\n          <span class=\"img-spacer\">\n                          <img decoding=\"async\" src=\"https:\/\/www.mohd.it\/wp-content\/uploads\/2020\/09\/wire-collection.jpg\" \/>\n                      <\/span>\n        <\/span>\n      <\/div>\n      <div class=\"text\">\n                  <p class=\"caption\">Icon&#8217;s Story<\/p>\n                <p class=\"section-title big\">Introducing Overgaard &#038; Dyrman<\/p>\n        <p>Design contemporaneo che unisce la tradizione artigianale danese con le pi\u00f9 moderne tecnologie. Jasper Overgaard e Christian Dyrman firmano prodotti funzionali creati per ispirare. <\/p>\n      <\/div>\n    <\/div>\n  <\/div>\n<\/div>\n\n\n<div class=\"main-section color-granita\">\n  <div class=\"container\">\n    <div class=\"callouts-grid\">\n                <div class=\"callout small left\" data-waypoint>\n            <a href=\"https:\/\/shop.mohd.it\/it\/brands\/overgaard-dyrman.html\" class=\"image\">\n                            <span class=\"img-spacer\" style=\"padding-top:66.7%;\">\n                <img decoding=\"async\" src=\"https:\/\/www.mohd.it\/wp-content\/uploads\/2020\/09\/tradizione.jpg\" alt=\"\" \/>\n              <\/span>\n            <\/a>\n            <span class=\"content\">\n              <a href=\"https:\/\/shop.mohd.it\/it\/brands\/overgaard-dyrman.html\" class=\"title\">Creativit\u00e0 Sostenibile<\/a>\n              <span class=\"text\">La creazione di ogni prodotto Overgaard &#038; Dyrman \u00e8 etica e sostenibile in ogni suo aspetto. La produzione rigorosamente a mano, made to order, \u00e8 guidata da principi di integrit\u00e0, autenticit\u00e0 e trasparenza, per dare vita a prodotti di eccezionale qualit\u00e0, destinati a durare nel tempo.<\/span>\n              <a href=\"https:\/\/shop.mohd.it\/it\/brands\/overgaard-dyrman.html\" class=\"arrow\"><\/a>\n            <\/span>\n          <\/div>\n                    <div class=\"callout right\" data-waypoint>\n            <a href=\"https:\/\/shop.mohd.it\/it\/brands\/overgaard-dyrman.html\" class=\"image\">\n                            <span class=\"img-spacer\" style=\"padding-top:66.7%;\">\n                <img decoding=\"async\" src=\"https:\/\/www.mohd.it\/wp-content\/uploads\/2020\/09\/designers.jpg\" alt=\"\" \/>\n              <\/span>\n            <\/a>\n            <span class=\"content\">\n              <a href=\"https:\/\/shop.mohd.it\/it\/brands\/overgaard-dyrman.html\" class=\"title\">I Creatori<\/a>\n              <span class=\"text\">Due nomi, la stessa passione e una straordinaria complementarit\u00e0 di talenti. Jasper Overgaard e Christian Dyrman forgiano artigianalmente ogni dettaglio dei loro prodotti. Una sintesi di tradizione e tecnologia, guidata da un approccio curioso.  <\/span>\n              <a href=\"https:\/\/shop.mohd.it\/it\/brands\/overgaard-dyrman.html\" class=\"arrow\"><\/a>\n            <\/span>\n          <\/div>\n              <\/div>\n  <\/div>\n<\/div>\n\n\n<div style=\"padding:56.25% 0 0 0;position:relative;\"><iframe src=\"https:\/\/player.vimeo.com\/video\/124194492?autoplay=1&amp;loop=1&amp;color=666666&amp;title=0&amp;byline=0&amp;portrait=0\" style=\"position:absolute;top:0;left:0;width:100%;height:100%;\" allow=\"autoplay; fullscreen\" allowfullscreen=\"\" frameborder=\"0\"><\/iframe><\/div>\n<p><script src=\"https:\/\/player.vimeo.com\/api\/player.js\"><\/script><\/p>\n\n\n<div class=\"main-section special-section color-granita\">\n  <div class=\"container\">\n    <div class=\"section-wrap\">\n      <div class=\"intro\">\n        <div class=\"box\">\n          <h2 class=\"section-title small\">Wire Collection <\/h2>\n          <p>Una collezione gi\u00e0 candidata ad essere icona del design contemporaneo. Il progetto iniziale della dining chair si \u00e8 presto evoluto in una serie di 5 arredi complementari, tutti caratterizzati dal contrasto tra i materiali, acciaio e pelle modellati a mano.<\/p>\n                      <a href=\"https:\/\/shop.mohd.it\/it\/brands\/overgaard-dyrman.html\" class=\"button\">Tutti i prodotti<\/a>\n                  <\/div>\n      <\/div>\n      <div class=\"special-image\">\n        <span class=\"img-spacer ratio-3x2\">\n                      <img decoding=\"async\" src=\"https:\/\/www.mohd.it\/wp-content\/uploads\/2020\/09\/wirw-collection.jpg\" \/>\n                  <\/span>\n      <\/div>\n      <div class=\"products\">\n                  <ul>\n                          <li><div class=\"product-card\">\n  <a href=\"https:\/\/shop.mohd.it\/it\/wire-lounge-chair-poltroncina.html\">    <span class=\"image\">\n      <span class=\"img-spacer\">\n        <img loading=\"lazy\" decoding=\"async\" width=\"410\" height=\"382\" src=\"https:\/\/www.mohd.it\/wp-content\/uploads\/2020\/09\/wire-lounge-chair-410x382.jpg\" class=\"attachment-product size-product wp-post-image\" alt=\"wire lounge chair\" srcset=\"https:\/\/www.mohd.it\/wp-content\/uploads\/2020\/09\/wire-lounge-chair.jpg 410w, https:\/\/www.mohd.it\/wp-content\/uploads\/2020\/09\/wire-lounge-chair-300x280.jpg 300w\" sizes=\"auto, (max-width: 410px) 100vw, 410px\" \/>      <\/span>\n    <\/span>\n    <span class=\"brand\">Overgaard &#038; Dyrman<\/span>    <span class=\"name\">Wire Lounge Chair<\/span>\n    <!--<span class=\"price\">da \u20ac 529,00<\/span>-->\n  <\/a><\/div>\n<\/li>\n                          <li><div class=\"product-card\">\n  <a href=\"https:\/\/shop.mohd.it\/it\/wire-tavolino.html\">    <span class=\"image\">\n      <span class=\"img-spacer\">\n        <img loading=\"lazy\" decoding=\"async\" width=\"410\" height=\"382\" src=\"https:\/\/www.mohd.it\/wp-content\/uploads\/2020\/09\/wire-coffee-table-410x382.jpg\" class=\"attachment-product size-product wp-post-image\" alt=\"\" srcset=\"https:\/\/www.mohd.it\/wp-content\/uploads\/2020\/09\/wire-coffee-table.jpg 410w, https:\/\/www.mohd.it\/wp-content\/uploads\/2020\/09\/wire-coffee-table-300x280.jpg 300w\" sizes=\"auto, (max-width: 410px) 100vw, 410px\" \/>      <\/span>\n    <\/span>\n    <span class=\"brand\">Overgaard &#038; Dyrman<\/span>    <span class=\"name\">Wire Coffee Table<\/span>\n    <!--<span class=\"price\">da \u20ac 529,00<\/span>-->\n  <\/a><\/div>\n<\/li>\n                          <li><div class=\"product-card\">\n  <a href=\"https:\/\/shop.mohd.it\/it\/wire-lounge-sofa-divano.html\">    <span class=\"image\">\n      <span class=\"img-spacer\">\n        <img loading=\"lazy\" decoding=\"async\" width=\"410\" height=\"382\" src=\"https:\/\/www.mohd.it\/wp-content\/uploads\/2020\/09\/wire-sofa-410x382.jpg\" class=\"attachment-product size-product wp-post-image\" alt=\"\" srcset=\"https:\/\/www.mohd.it\/wp-content\/uploads\/2020\/09\/wire-sofa.jpg 410w, https:\/\/www.mohd.it\/wp-content\/uploads\/2020\/09\/wire-sofa-300x280.jpg 300w\" sizes=\"auto, (max-width: 410px) 100vw, 410px\" \/>      <\/span>\n    <\/span>\n    <span class=\"brand\">Overgaard &#038; Dyrman<\/span>    <span class=\"name\">Wire Lounge Sofa<\/span>\n    <!--<span class=\"price\">da \u20ac 529,00<\/span>-->\n  <\/a><\/div>\n<\/li>\n                          <li><div class=\"product-card\">\n  <a href=\"https:\/\/shop.mohd.it\/it\/wire-sgabello-da-bar.html\">    <span class=\"image\">\n      <span class=\"img-spacer\">\n        <img loading=\"lazy\" decoding=\"async\" width=\"410\" height=\"382\" src=\"https:\/\/www.mohd.it\/wp-content\/uploads\/2020\/09\/wire-stool-410x382.jpg\" class=\"attachment-product size-product wp-post-image\" alt=\"\" srcset=\"https:\/\/www.mohd.it\/wp-content\/uploads\/2020\/09\/wire-stool.jpg 410w, https:\/\/www.mohd.it\/wp-content\/uploads\/2020\/09\/wire-stool-300x280.jpg 300w\" sizes=\"auto, (max-width: 410px) 100vw, 410px\" \/>      <\/span>\n    <\/span>\n    <span class=\"brand\">Overgaard &#038; Dyrman<\/span>    <span class=\"name\">Wire Stool<\/span>\n    <!--<span class=\"price\">da \u20ac 529,00<\/span>-->\n  <\/a><\/div>\n<\/li>\n                      <\/ul>\n              <\/div>\n      <span class=\"mobile-button-area\">\n                  <a href=\"https:\/\/shop.mohd.it\/it\/brands\/overgaard-dyrman.html\" class=\"button\">Tutti i prodotti<\/a>\n              <\/span>\n    <\/div>\n  <\/div>\n<\/div>\n\n\n<div style=\"padding:56.25% 0 0 0;position:relative;\"><iframe src=\"https:\/\/player.vimeo.com\/video\/339276884?title=0&amp;byline=0&amp;portrait=0\" style=\"position:absolute;top:0;left:0;width:100%;height:100%;\" allow=\"autoplay; fullscreen\" allowfullscreen=\"\" frameborder=\"0\"><\/iframe><\/div>\n<p><script src=\"https:\/\/player.vimeo.com\/api\/player.js\"><\/script><\/p>\n\n\n<div class=\"main-section special-section color-granita\">\n  <div class=\"container\">\n    <div class=\"section-wrap\">\n      <div class=\"intro\">\n        <div class=\"box\">\n          <h2 class=\"section-title small\">Circle Chair<\/h2>\n          <p>Il cerchio, le sue curve e l&#8217;elegante semplicit\u00e0 hanno guidato la creazione del nuovo progetto Overgaard &#038; Dyrman. Una sedia che \u00e8 anche un oggetto d&#8217;arte pensato per essere ammirato da ogni punto di vista, sempre con una prospettiva diversa.<\/p>\n                      <a href=\"https:\/\/shop.mohd.it\/it\/brands\/overgaard-dyrman.html\" class=\"button\">Tutti i prodotti<\/a>\n                  <\/div>\n      <\/div>\n      <div class=\"special-image\">\n        <span class=\"img-spacer ratio-3x2\">\n                      <img decoding=\"async\" src=\"https:\/\/www.mohd.it\/wp-content\/uploads\/2020\/09\/circle-chair.jpg\" \/>\n                  <\/span>\n      <\/div>\n      <div class=\"products\">\n                  <ul>\n                          <li><div class=\"product-card\">\n  <a href=\"https:\/\/shop.mohd.it\/it\/circle-dining-chair-sedia-senza-braccioli.html\">    <span class=\"image\">\n      <span class=\"img-spacer\">\n        <img loading=\"lazy\" decoding=\"async\" width=\"410\" height=\"382\" src=\"https:\/\/www.mohd.it\/wp-content\/uploads\/2020\/09\/circle-chair-wa-410x382.jpg\" class=\"attachment-product size-product wp-post-image\" alt=\"\" srcset=\"https:\/\/www.mohd.it\/wp-content\/uploads\/2020\/09\/circle-chair-wa.jpg 410w, https:\/\/www.mohd.it\/wp-content\/uploads\/2020\/09\/circle-chair-wa-300x280.jpg 300w\" sizes=\"auto, (max-width: 410px) 100vw, 410px\" \/>      <\/span>\n    <\/span>\n    <span class=\"brand\">Overgaard &#038; Dyrman<\/span>    <span class=\"name\">Circle Dining Chair<\/span>\n    <!--<span class=\"price\">da \u20ac 529,00<\/span>-->\n  <\/a><\/div>\n<\/li>\n                          <li><div class=\"product-card\">\n  <a href=\"https:\/\/shop.mohd.it\/it\/circle-dining-chair-sedia-con-braccioli.html\">    <span class=\"image\">\n      <span class=\"img-spacer\">\n        <img loading=\"lazy\" decoding=\"async\" width=\"410\" height=\"382\" src=\"https:\/\/www.mohd.it\/wp-content\/uploads\/2020\/09\/circle-chair-with-arms-410x382.jpg\" class=\"attachment-product size-product wp-post-image\" alt=\"\" srcset=\"https:\/\/www.mohd.it\/wp-content\/uploads\/2020\/09\/circle-chair-with-arms.jpg 410w, https:\/\/www.mohd.it\/wp-content\/uploads\/2020\/09\/circle-chair-with-arms-300x280.jpg 300w\" sizes=\"auto, (max-width: 410px) 100vw, 410px\" \/>      <\/span>\n    <\/span>\n    <span class=\"brand\">Overgaard &#038; Dyrman<\/span>    <span class=\"name\">Circle Dining Chair with arms<\/span>\n    <!--<span class=\"price\">da \u20ac 529,00<\/span>-->\n  <\/a><\/div>\n<\/li>\n                      <\/ul>\n              <\/div>\n      <span class=\"mobile-button-area\">\n                  <a href=\"https:\/\/shop.mohd.it\/it\/brands\/overgaard-dyrman.html\" class=\"button\">Tutti i prodotti<\/a>\n              <\/span>\n    <\/div>\n  <\/div>\n<\/div>\n\n\n<div class=\"main-section color-lava-stone has-overflow\" id=\"block_5f4f559195ec2\">\n  <div class=\"container\">\n                          <div class=\"spotted-image\" data-name=\"\" data-id=\"1328\">\n  <span class=\"img-spacer\">\n    <img decoding=\"async\" src=\"https:\/\/www.mohd.it\/wp-content\/uploads\/2020\/09\/wire-collection-lookbook.jpg\" \/>\n  <\/span>\n      <span class=\"product\">\n      <span class=\"point\" style=\"top: 54.6383346558%; left: 28.0333333333%;\"><\/span>\n      <div class=\"product-card\">\n  <a href=\"https:\/\/shop.mohd.it\/it\/wire-lounge-chair-poltroncina.html\">    <span class=\"image\">\n      <span class=\"img-spacer\">\n        <img loading=\"lazy\" decoding=\"async\" width=\"410\" height=\"382\" src=\"https:\/\/www.mohd.it\/wp-content\/uploads\/2020\/09\/wire-lounge-chair-410x382.jpg\" class=\"attachment-product size-product wp-post-image\" alt=\"wire lounge chair\" srcset=\"https:\/\/www.mohd.it\/wp-content\/uploads\/2020\/09\/wire-lounge-chair.jpg 410w, https:\/\/www.mohd.it\/wp-content\/uploads\/2020\/09\/wire-lounge-chair-300x280.jpg 300w\" sizes=\"auto, (max-width: 410px) 100vw, 410px\" \/>      <\/span>\n    <\/span>\n    <span class=\"brand\">Overgaard &#038; Dyrman<\/span>    <span class=\"name\">Wire Lounge Chair<\/span>\n    <!--<span class=\"price\">da \u20ac 529,00<\/span>-->\n  <\/a><\/div>\n    <\/span>\n      <span class=\"product\">\n      <span class=\"point\" style=\"top: 52.58166809082%; left: 61.766666666667%;\"><\/span>\n      <div class=\"product-card\">\n  <a href=\"https:\/\/shop.mohd.it\/it\/wire-lounge-sofa-divano.html\">    <span class=\"image\">\n      <span class=\"img-spacer\">\n        <img loading=\"lazy\" decoding=\"async\" width=\"410\" height=\"382\" src=\"https:\/\/www.mohd.it\/wp-content\/uploads\/2020\/09\/wire-sofa-410x382.jpg\" class=\"attachment-product size-product wp-post-image\" alt=\"\" srcset=\"https:\/\/www.mohd.it\/wp-content\/uploads\/2020\/09\/wire-sofa.jpg 410w, https:\/\/www.mohd.it\/wp-content\/uploads\/2020\/09\/wire-sofa-300x280.jpg 300w\" sizes=\"auto, (max-width: 410px) 100vw, 410px\" \/>      <\/span>\n    <\/span>\n    <span class=\"brand\">Overgaard &#038; Dyrman<\/span>    <span class=\"name\">Wire Lounge Sofa<\/span>\n    <!--<span class=\"price\">da \u20ac 529,00<\/span>-->\n  <\/a><\/div>\n    <\/span>\n      <span class=\"product\">\n      <span class=\"point\" style=\"top: 69.4816635132%; left: 63.3666666667%;\"><\/span>\n      <div class=\"product-card\">\n  <a href=\"https:\/\/shop.mohd.it\/it\/wire-tavolino.html\">    <span class=\"image\">\n      <span class=\"img-spacer\">\n        <img loading=\"lazy\" decoding=\"async\" width=\"410\" height=\"382\" src=\"https:\/\/www.mohd.it\/wp-content\/uploads\/2020\/09\/wire-coffee-table-410x382.jpg\" class=\"attachment-product size-product wp-post-image\" alt=\"\" srcset=\"https:\/\/www.mohd.it\/wp-content\/uploads\/2020\/09\/wire-coffee-table.jpg 410w, https:\/\/www.mohd.it\/wp-content\/uploads\/2020\/09\/wire-coffee-table-300x280.jpg 300w\" sizes=\"auto, (max-width: 410px) 100vw, 410px\" \/>      <\/span>\n    <\/span>\n    <span class=\"brand\">Overgaard &#038; Dyrman<\/span>    <span class=\"name\">Wire Coffee Table<\/span>\n    <!--<span class=\"price\">da \u20ac 529,00<\/span>-->\n  <\/a><\/div>\n    <\/span>\n  <\/div>\n            <\/div>\n<\/div>\n\n\n\n<p><\/p>\n","protected":false},"excerpt":{"rendered":"","protected":false},"author":1,"featured_media":0,"parent":0,"menu_order":0,"comment_status":"closed","ping_status":"closed","template":"templates\/blocks-page.php","meta":{"footnotes":""},"class_list":["post-1115","page","type-page","status-publish","hentry"],"yoast_head":"<!-- This site is optimized with the Yoast SEO plugin v24.0 - https:\/\/yoast.com\/wordpress\/plugins\/seo\/ -->\n<title>Overgaard &amp; Dyrman: Storia Artigianale del brand Danese - Mohd<\/title>\n<meta name=\"description\" content=\"Mohd introduce Overgaard &amp; Dyrman, una storia di tradizione artigianale danese e tecnologia che d\u00e0 vita a prodotti di design destinati a durare nel tempo.\" \/>\n<meta name=\"robots\" content=\"index, follow, max-snippet:-1, max-image-preview:large, max-video-preview:-1\" \/>\n<link rel=\"canonical\" href=\"https:\/\/www.mohd.it\/it\/introducing-overgaard-dyrman\/\" \/>\n<meta property=\"og:locale\" content=\"it_IT\" \/>\n<meta property=\"og:type\" content=\"article\" \/>\n<meta property=\"og:title\" content=\"Overgaard &amp; Dyrman: Storia Artigianale del brand Danese - Mohd\" \/>\n<meta property=\"og:description\" content=\"Mohd introduce Overgaard &amp; Dyrman, una storia di tradizione artigianale danese e tecnologia che d\u00e0 vita a prodotti di design destinati a durare nel tempo.\" \/>\n<meta property=\"og:url\" content=\"https:\/\/www.mohd.it\/it\/introducing-overgaard-dyrman\/\" \/>\n<meta property=\"og:site_name\" content=\"Mohd\" \/>\n<meta property=\"article:publisher\" content=\"https:\/\/www.facebook.com\/mollurahomedesign\" \/>\n<meta property=\"article:modified_time\" content=\"2020-09-02T16:27:59+00:00\" \/>\n<meta name=\"twitter:card\" content=\"summary_large_image\" \/>\n<meta name=\"twitter:site\" content=\"@mohd_homedesign\" \/>\n<script type=\"application\/ld+json\" class=\"yoast-schema-graph\">{\"@context\":\"https:\/\/schema.org\",\"@graph\":[{\"@type\":\"WebPage\",\"@id\":\"https:\/\/www.mohd.it\/it\/introducing-overgaard-dyrman\/\",\"url\":\"https:\/\/www.mohd.it\/it\/introducing-overgaard-dyrman\/\",\"name\":\"Overgaard & Dyrman: Storia Artigianale del brand Danese - Mohd\",\"isPartOf\":{\"@id\":\"https:\/\/www.mohd.it\/it\/#website\"},\"datePublished\":\"2020-09-01T13:36:14+00:00\",\"dateModified\":\"2020-09-02T16:27:59+00:00\",\"description\":\"Mohd introduce Overgaard & Dyrman, una storia di tradizione artigianale danese e tecnologia che d\u00e0 vita a prodotti di design destinati a durare nel tempo.\",\"breadcrumb\":{\"@id\":\"https:\/\/www.mohd.it\/it\/introducing-overgaard-dyrman\/#breadcrumb\"},\"inLanguage\":\"it-IT\",\"potentialAction\":[{\"@type\":\"ReadAction\",\"target\":[\"https:\/\/www.mohd.it\/it\/introducing-overgaard-dyrman\/\"]}]},{\"@type\":\"BreadcrumbList\",\"@id\":\"https:\/\/www.mohd.it\/it\/introducing-overgaard-dyrman\/#breadcrumb\",\"itemListElement\":[{\"@type\":\"ListItem\",\"position\":1,\"name\":\"Home\",\"item\":\"https:\/\/www.mohd.it\/it\/\"},{\"@type\":\"ListItem\",\"position\":2,\"name\":\"Introducing Overgaard &#038; Dyrman\"}]},{\"@type\":\"WebSite\",\"@id\":\"https:\/\/www.mohd.it\/it\/#website\",\"url\":\"https:\/\/www.mohd.it\/it\/\",\"name\":\"Mohd\",\"description\":\"\",\"publisher\":{\"@id\":\"https:\/\/www.mohd.it\/it\/#organization\"},\"potentialAction\":[{\"@type\":\"SearchAction\",\"target\":{\"@type\":\"EntryPoint\",\"urlTemplate\":\"https:\/\/www.mohd.it\/it\/?s={search_term_string}\"},\"query-input\":{\"@type\":\"PropertyValueSpecification\",\"valueRequired\":true,\"valueName\":\"search_term_string\"}}],\"inLanguage\":\"it-IT\"},{\"@type\":\"Organization\",\"@id\":\"https:\/\/www.mohd.it\/it\/#organization\",\"name\":\"Mollura & C. SPA\",\"url\":\"https:\/\/www.mohd.it\/it\/\",\"logo\":{\"@type\":\"ImageObject\",\"inLanguage\":\"it-IT\",\"@id\":\"https:\/\/www.mohd.it\/it\/#\/schema\/logo\/image\/\",\"url\":\"https:\/\/www.mohd.it\/wp-content\/uploads\/2020\/09\/mohd-logo.png\",\"contentUrl\":\"https:\/\/www.mohd.it\/wp-content\/uploads\/2020\/09\/mohd-logo.png\",\"width\":600,\"height\":600,\"caption\":\"Mollura & C. SPA\"},\"image\":{\"@id\":\"https:\/\/www.mohd.it\/it\/#\/schema\/logo\/image\/\"},\"sameAs\":[\"https:\/\/www.facebook.com\/mollurahomedesign\",\"https:\/\/x.com\/mohd_homedesign\",\"https:\/\/www.instagram.com\/mohd_homedesign\/\",\"https:\/\/it.linkedin.com\/company\/mohd-mollura-home-design\",\"https:\/\/www.pinterest.it\/mohdhomedesign\/\",\"https:\/\/www.youtube.com\/channel\/UCYLuPff6hq4z_o0GO0w1yaA\"]}]}<\/script>\n<!-- \/ Yoast SEO plugin. -->","yoast_head_json":{"title":"Overgaard & Dyrman: Storia Artigianale del brand Danese - Mohd","description":"Mohd introduce Overgaard & Dyrman, una storia di tradizione artigianale danese e tecnologia che d\u00e0 vita a prodotti di design destinati a durare nel tempo.","robots":{"index":"index","follow":"follow","max-snippet":"max-snippet:-1","max-image-preview":"max-image-preview:large","max-video-preview":"max-video-preview:-1"},"canonical":"https:\/\/www.mohd.it\/it\/introducing-overgaard-dyrman\/","og_locale":"it_IT","og_type":"article","og_title":"Overgaard & Dyrman: Storia Artigianale del brand Danese - Mohd","og_description":"Mohd introduce Overgaard & Dyrman, una storia di tradizione artigianale danese e tecnologia che d\u00e0 vita a prodotti di design destinati a durare nel tempo.","og_url":"https:\/\/www.mohd.it\/it\/introducing-overgaard-dyrman\/","og_site_name":"Mohd","article_publisher":"https:\/\/www.facebook.com\/mollurahomedesign","article_modified_time":"2020-09-02T16:27:59+00:00","twitter_card":"summary_large_image","twitter_site":"@mohd_homedesign","schema":{"@context":"https:\/\/schema.org","@graph":[{"@type":"WebPage","@id":"https:\/\/www.mohd.it\/it\/introducing-overgaard-dyrman\/","url":"https:\/\/www.mohd.it\/it\/introducing-overgaard-dyrman\/","name":"Overgaard & Dyrman: Storia Artigianale del brand Danese - Mohd","isPartOf":{"@id":"https:\/\/www.mohd.it\/it\/#website"},"datePublished":"2020-09-01T13:36:14+00:00","dateModified":"2020-09-02T16:27:59+00:00","description":"Mohd introduce Overgaard & Dyrman, una storia di tradizione artigianale danese e tecnologia che d\u00e0 vita a prodotti di design destinati a durare nel tempo.","breadcrumb":{"@id":"https:\/\/www.mohd.it\/it\/introducing-overgaard-dyrman\/#breadcrumb"},"inLanguage":"it-IT","potentialAction":[{"@type":"ReadAction","target":["https:\/\/www.mohd.it\/it\/introducing-overgaard-dyrman\/"]}]},{"@type":"BreadcrumbList","@id":"https:\/\/www.mohd.it\/it\/introducing-overgaard-dyrman\/#breadcrumb","itemListElement":[{"@type":"ListItem","position":1,"name":"Home","item":"https:\/\/www.mohd.it\/it\/"},{"@type":"ListItem","position":2,"name":"Introducing Overgaard &#038; Dyrman"}]},{"@type":"WebSite","@id":"https:\/\/www.mohd.it\/it\/#website","url":"https:\/\/www.mohd.it\/it\/","name":"Mohd","description":"","publisher":{"@id":"https:\/\/www.mohd.it\/it\/#organization"},"potentialAction":[{"@type":"SearchAction","target":{"@type":"EntryPoint","urlTemplate":"https:\/\/www.mohd.it\/it\/?s={search_term_string}"},"query-input":{"@type":"PropertyValueSpecification","valueRequired":true,"valueName":"search_term_string"}}],"inLanguage":"it-IT"},{"@type":"Organization","@id":"https:\/\/www.mohd.it\/it\/#organization","name":"Mollura & C. SPA","url":"https:\/\/www.mohd.it\/it\/","logo":{"@type":"ImageObject","inLanguage":"it-IT","@id":"https:\/\/www.mohd.it\/it\/#\/schema\/logo\/image\/","url":"https:\/\/www.mohd.it\/wp-content\/uploads\/2020\/09\/mohd-logo.png","contentUrl":"https:\/\/www.mohd.it\/wp-content\/uploads\/2020\/09\/mohd-logo.png","width":600,"height":600,"caption":"Mollura & C. SPA"},"image":{"@id":"https:\/\/www.mohd.it\/it\/#\/schema\/logo\/image\/"},"sameAs":["https:\/\/www.facebook.com\/mollurahomedesign","https:\/\/x.com\/mohd_homedesign","https:\/\/www.instagram.com\/mohd_homedesign\/","https:\/\/it.linkedin.com\/company\/mohd-mollura-home-design","https:\/\/www.pinterest.it\/mohdhomedesign\/","https:\/\/www.youtube.com\/channel\/UCYLuPff6hq4z_o0GO0w1yaA"]}]}},"_links":{"self":[{"href":"https:\/\/www.mohd.it\/it\/wp-json\/wp\/v2\/pages\/1115","targetHints":{"allow":["GET"]}}],"collection":[{"href":"https:\/\/www.mohd.it\/it\/wp-json\/wp\/v2\/pages"}],"about":[{"href":"https:\/\/www.mohd.it\/it\/wp-json\/wp\/v2\/types\/page"}],"author":[{"embeddable":true,"href":"https:\/\/www.mohd.it\/it\/wp-json\/wp\/v2\/users\/1"}],"replies":[{"embeddable":true,"href":"https:\/\/www.mohd.it\/it\/wp-json\/wp\/v2\/comments?post=1115"}],"version-history":[{"count":120,"href":"https:\/\/www.mohd.it\/it\/wp-json\/wp\/v2\/pages\/1115\/revisions"}],"predecessor-version":[{"id":3424,"href":"https:\/\/www.mohd.it\/it\/wp-json\/wp\/v2\/pages\/1115\/revisions\/3424"}],"wp:attachment":[{"href":"https:\/\/www.mohd.it\/it\/wp-json\/wp\/v2\/media?parent=1115"}],"curies":[{"name":"wp","href":"https:\/\/api.w.org\/{rel}","templated":true}]}}