{"id":85,"date":"2020-06-07T12:54:12","date_gmt":"2020-06-07T10:54:12","guid":{"rendered":"https:\/\/www.mohd.it\/?page_id=85"},"modified":"2020-07-14T10:32:15","modified_gmt":"2020-07-14T08:32:15","slug":"outdoor","status":"publish","type":"page","link":"https:\/\/www.mohd.it\/it\/outdoor\/","title":{"rendered":"Outdoor"},"content":{"rendered":"","protected":false},"excerpt":{"rendered":"","protected":false},"author":1,"featured_media":0,"parent":0,"menu_order":0,"comment_status":"closed","ping_status":"closed","template":"templates\/outdoor.php","meta":{"footnotes":""},"class_list":["post-85","page","type-page","status-publish","hentry"],"yoast_head":"<!-- This site is optimized with the Yoast SEO plugin v24.0 - https:\/\/yoast.com\/wordpress\/plugins\/seo\/ -->\n<title>Outdoor Design: Arredi Icone e Novit\u00e0 per Esterni | Mohd<\/title>\n<meta name=\"description\" content=\"Il design d&#039;autore per arredare gli spazi outdoor con la funzionalit\u00e0, il comfort e l&#039;esclusivit\u00e0 dei migliori brand. Servizio di consulenza e progettazione.\" \/>\n<meta name=\"robots\" content=\"index, follow, max-snippet:-1, max-image-preview:large, max-video-preview:-1\" \/>\n<link rel=\"canonical\" href=\"https:\/\/www.mohd.it\/it\/outdoor\/\" \/>\n<meta property=\"og:locale\" content=\"it_IT\" \/>\n<meta property=\"og:type\" content=\"article\" \/>\n<meta property=\"og:title\" content=\"Outdoor Design: Arredi Icone e Novit\u00e0 per Esterni | Mohd\" \/>\n<meta property=\"og:description\" content=\"Il design d&#039;autore per arredare gli spazi outdoor con la funzionalit\u00e0, il comfort e l&#039;esclusivit\u00e0 dei migliori brand. Servizio di consulenza e progettazione.\" \/>\n<meta property=\"og:url\" content=\"https:\/\/www.mohd.it\/it\/outdoor\/\" \/>\n<meta property=\"og:site_name\" content=\"Mohd\" \/>\n<meta property=\"article:publisher\" content=\"https:\/\/www.facebook.com\/mollurahomedesign\" \/>\n<meta property=\"article:modified_time\" content=\"2020-07-14T08:32:15+00:00\" \/>\n<meta name=\"twitter:card\" content=\"summary_large_image\" \/>\n<meta name=\"twitter:site\" content=\"@mohd_homedesign\" \/>\n<script type=\"application\/ld+json\" class=\"yoast-schema-graph\">{\"@context\":\"https:\/\/schema.org\",\"@graph\":[{\"@type\":\"WebPage\",\"@id\":\"https:\/\/www.mohd.it\/it\/outdoor\/\",\"url\":\"https:\/\/www.mohd.it\/it\/outdoor\/\",\"name\":\"Outdoor Design: Arredi Icone e Novit\u00e0 per Esterni | Mohd\",\"isPartOf\":{\"@id\":\"https:\/\/www.mohd.it\/it\/#website\"},\"datePublished\":\"2020-06-07T10:54:12+00:00\",\"dateModified\":\"2020-07-14T08:32:15+00:00\",\"description\":\"Il design d'autore per arredare gli spazi outdoor con la funzionalit\u00e0, il comfort e l'esclusivit\u00e0 dei migliori brand. Servizio di consulenza e progettazione.\",\"breadcrumb\":{\"@id\":\"https:\/\/www.mohd.it\/it\/outdoor\/#breadcrumb\"},\"inLanguage\":\"it-IT\",\"potentialAction\":[{\"@type\":\"ReadAction\",\"target\":[\"https:\/\/www.mohd.it\/it\/outdoor\/\"]}]},{\"@type\":\"BreadcrumbList\",\"@id\":\"https:\/\/www.mohd.it\/it\/outdoor\/#breadcrumb\",\"itemListElement\":[{\"@type\":\"ListItem\",\"position\":1,\"name\":\"Home\",\"item\":\"https:\/\/www.mohd.it\/it\/\"},{\"@type\":\"ListItem\",\"position\":2,\"name\":\"Outdoor\"}]},{\"@type\":\"WebSite\",\"@id\":\"https:\/\/www.mohd.it\/it\/#website\",\"url\":\"https:\/\/www.mohd.it\/it\/\",\"name\":\"Mohd\",\"description\":\"\",\"publisher\":{\"@id\":\"https:\/\/www.mohd.it\/it\/#organization\"},\"potentialAction\":[{\"@type\":\"SearchAction\",\"target\":{\"@type\":\"EntryPoint\",\"urlTemplate\":\"https:\/\/www.mohd.it\/it\/?s={search_term_string}\"},\"query-input\":{\"@type\":\"PropertyValueSpecification\",\"valueRequired\":true,\"valueName\":\"search_term_string\"}}],\"inLanguage\":\"it-IT\"},{\"@type\":\"Organization\",\"@id\":\"https:\/\/www.mohd.it\/it\/#organization\",\"name\":\"Mollura & C. SPA\",\"url\":\"https:\/\/www.mohd.it\/it\/\",\"logo\":{\"@type\":\"ImageObject\",\"inLanguage\":\"it-IT\",\"@id\":\"https:\/\/www.mohd.it\/it\/#\/schema\/logo\/image\/\",\"url\":\"https:\/\/www.mohd.it\/wp-content\/uploads\/2020\/09\/mohd-logo.png\",\"contentUrl\":\"https:\/\/www.mohd.it\/wp-content\/uploads\/2020\/09\/mohd-logo.png\",\"width\":600,\"height\":600,\"caption\":\"Mollura & C. SPA\"},\"image\":{\"@id\":\"https:\/\/www.mohd.it\/it\/#\/schema\/logo\/image\/\"},\"sameAs\":[\"https:\/\/www.facebook.com\/mollurahomedesign\",\"https:\/\/x.com\/mohd_homedesign\",\"https:\/\/www.instagram.com\/mohd_homedesign\/\",\"https:\/\/it.linkedin.com\/company\/mohd-mollura-home-design\",\"https:\/\/www.pinterest.it\/mohdhomedesign\/\",\"https:\/\/www.youtube.com\/channel\/UCYLuPff6hq4z_o0GO0w1yaA\"]}]}<\/script>\n<!-- \/ Yoast SEO plugin. -->","yoast_head_json":{"title":"Outdoor Design: Arredi Icone e Novit\u00e0 per Esterni | Mohd","description":"Il design d'autore per arredare gli spazi outdoor con la funzionalit\u00e0, il comfort e l'esclusivit\u00e0 dei migliori brand. Servizio di consulenza e progettazione.","robots":{"index":"index","follow":"follow","max-snippet":"max-snippet:-1","max-image-preview":"max-image-preview:large","max-video-preview":"max-video-preview:-1"},"canonical":"https:\/\/www.mohd.it\/it\/outdoor\/","og_locale":"it_IT","og_type":"article","og_title":"Outdoor Design: Arredi Icone e Novit\u00e0 per Esterni | Mohd","og_description":"Il design d'autore per arredare gli spazi outdoor con la funzionalit\u00e0, il comfort e l'esclusivit\u00e0 dei migliori brand. Servizio di consulenza e progettazione.","og_url":"https:\/\/www.mohd.it\/it\/outdoor\/","og_site_name":"Mohd","article_publisher":"https:\/\/www.facebook.com\/mollurahomedesign","article_modified_time":"2020-07-14T08:32:15+00:00","twitter_card":"summary_large_image","twitter_site":"@mohd_homedesign","schema":{"@context":"https:\/\/schema.org","@graph":[{"@type":"WebPage","@id":"https:\/\/www.mohd.it\/it\/outdoor\/","url":"https:\/\/www.mohd.it\/it\/outdoor\/","name":"Outdoor Design: Arredi Icone e Novit\u00e0 per Esterni | Mohd","isPartOf":{"@id":"https:\/\/www.mohd.it\/it\/#website"},"datePublished":"2020-06-07T10:54:12+00:00","dateModified":"2020-07-14T08:32:15+00:00","description":"Il design d'autore per arredare gli spazi outdoor con la funzionalit\u00e0, il comfort e l'esclusivit\u00e0 dei migliori brand. Servizio di consulenza e progettazione.","breadcrumb":{"@id":"https:\/\/www.mohd.it\/it\/outdoor\/#breadcrumb"},"inLanguage":"it-IT","potentialAction":[{"@type":"ReadAction","target":["https:\/\/www.mohd.it\/it\/outdoor\/"]}]},{"@type":"BreadcrumbList","@id":"https:\/\/www.mohd.it\/it\/outdoor\/#breadcrumb","itemListElement":[{"@type":"ListItem","position":1,"name":"Home","item":"https:\/\/www.mohd.it\/it\/"},{"@type":"ListItem","position":2,"name":"Outdoor"}]},{"@type":"WebSite","@id":"https:\/\/www.mohd.it\/it\/#website","url":"https:\/\/www.mohd.it\/it\/","name":"Mohd","description":"","publisher":{"@id":"https:\/\/www.mohd.it\/it\/#organization"},"potentialAction":[{"@type":"SearchAction","target":{"@type":"EntryPoint","urlTemplate":"https:\/\/www.mohd.it\/it\/?s={search_term_string}"},"query-input":{"@type":"PropertyValueSpecification","valueRequired":true,"valueName":"search_term_string"}}],"inLanguage":"it-IT"},{"@type":"Organization","@id":"https:\/\/www.mohd.it\/it\/#organization","name":"Mollura & C. SPA","url":"https:\/\/www.mohd.it\/it\/","logo":{"@type":"ImageObject","inLanguage":"it-IT","@id":"https:\/\/www.mohd.it\/it\/#\/schema\/logo\/image\/","url":"https:\/\/www.mohd.it\/wp-content\/uploads\/2020\/09\/mohd-logo.png","contentUrl":"https:\/\/www.mohd.it\/wp-content\/uploads\/2020\/09\/mohd-logo.png","width":600,"height":600,"caption":"Mollura & C. SPA"},"image":{"@id":"https:\/\/www.mohd.it\/it\/#\/schema\/logo\/image\/"},"sameAs":["https:\/\/www.facebook.com\/mollurahomedesign","https:\/\/x.com\/mohd_homedesign","https:\/\/www.instagram.com\/mohd_homedesign\/","https:\/\/it.linkedin.com\/company\/mohd-mollura-home-design","https:\/\/www.pinterest.it\/mohdhomedesign\/","https:\/\/www.youtube.com\/channel\/UCYLuPff6hq4z_o0GO0w1yaA"]}]}},"_links":{"self":[{"href":"https:\/\/www.mohd.it\/it\/wp-json\/wp\/v2\/pages\/85","targetHints":{"allow":["GET"]}}],"collection":[{"href":"https:\/\/www.mohd.it\/it\/wp-json\/wp\/v2\/pages"}],"about":[{"href":"https:\/\/www.mohd.it\/it\/wp-json\/wp\/v2\/types\/page"}],"author":[{"embeddable":true,"href":"https:\/\/www.mohd.it\/it\/wp-json\/wp\/v2\/users\/1"}],"replies":[{"embeddable":true,"href":"https:\/\/www.mohd.it\/it\/wp-json\/wp\/v2\/comments?post=85"}],"version-history":[{"count":1,"href":"https:\/\/www.mohd.it\/it\/wp-json\/wp\/v2\/pages\/85\/revisions"}],"predecessor-version":[{"id":86,"href":"https:\/\/www.mohd.it\/it\/wp-json\/wp\/v2\/pages\/85\/revisions\/86"}],"wp:attachment":[{"href":"https:\/\/www.mohd.it\/it\/wp-json\/wp\/v2\/media?parent=85"}],"curies":[{"name":"wp","href":"https:\/\/api.w.org\/{rel}","templated":true}]}}